{"id":117,"date":"2022-03-24T11:18:28","date_gmt":"2022-03-24T11:18:28","guid":{"rendered":"https:\/\/serpentinoscisto.com\/site\/?page_id=117"},"modified":"2024-10-07T08:23:08","modified_gmt":"2024-10-07T08:23:08","slug":"prodotti","status":"publish","type":"page","link":"https:\/\/serpentinoscisto.com\/site\/it\/prodotti\/","title":{"rendered":"Prodotti"},"content":{"rendered":"<nav class=\"is-responsive wp-block-navigation is-layout-flex wp-block-navigation-is-layout-flex\" aria-label=\"it\" \n\t\t data-wp-interactive=\"core\/navigation\" data-wp-context='{\"overlayOpenedBy\":{\"click\":false,\"hover\":false,\"focus\":false},\"type\":\"overlay\",\"roleAttribute\":\"\",\"ariaLabel\":\"Menu\"}'><button aria-haspopup=\"dialog\" aria-label=\"Apri menu\" class=\"wp-block-navigation__responsive-container-open\" \n\t\t\t\tdata-wp-on--click=\"actions.openMenuOnClick\"\n\t\t\t\tdata-wp-on--keydown=\"actions.handleMenuKeydown\"\n\t\t\t><svg width=\"24\" height=\"24\" xmlns=\"http:\/\/www.w3.org\/2000\/svg\" viewBox=\"0 0 24 24\" aria-hidden=\"true\" focusable=\"false\"><path d=\"M4 7.5h16v1.5H4z\"><\/path><path d=\"M4 15h16v1.5H4z\"><\/path><\/svg><\/button>\n\t\t\t\t<div class=\"wp-block-navigation__responsive-container\"  id=\"modal-1\" \n\t\t\t\tdata-wp-class--has-modal-open=\"state.isMenuOpen\"\n\t\t\t\tdata-wp-class--is-menu-open=\"state.isMenuOpen\"\n\t\t\t\tdata-wp-watch=\"callbacks.initMenu\"\n\t\t\t\tdata-wp-on--keydown=\"actions.handleMenuKeydown\"\n\t\t\t\tdata-wp-on--focusout=\"actions.handleMenuFocusout\"\n\t\t\t\ttabindex=\"-1\"\n\t\t\t>\n\t\t\t\t\t<div class=\"wp-block-navigation__responsive-close\" tabindex=\"-1\">\n\t\t\t\t\t\t<div class=\"wp-block-navigation__responsive-dialog\" \n\t\t\t\tdata-wp-bind--aria-modal=\"state.ariaModal\"\n\t\t\t\tdata-wp-bind--aria-label=\"state.ariaLabel\"\n\t\t\t\tdata-wp-bind--role=\"state.roleAttribute\"\n\t\t\t>\n\t\t\t\t\t\t\t<button aria-label=\"Chiudi menu\" class=\"wp-block-navigation__responsive-container-close\" \n\t\t\t\tdata-wp-on--click=\"actions.closeMenuOnClick\"\n\t\t\t><svg xmlns=\"http:\/\/www.w3.org\/2000\/svg\" viewBox=\"0 0 24 24\" width=\"24\" height=\"24\" aria-hidden=\"true\" focusable=\"false\"><path d=\"m13.06 12 6.47-6.47-1.06-1.06L12 10.94 5.53 4.47 4.47 5.53 10.94 12l-6.47 6.47 1.06 1.06L12 13.06l6.47 6.47 1.06-1.06L13.06 12Z\"><\/path><\/svg><\/button>\n\t\t\t\t\t\t\t<div class=\"wp-block-navigation__responsive-container-content\" \n\t\t\t\tdata-wp-watch=\"callbacks.focusFirstElement\"\n\t\t\t id=\"modal-1-content\">\n\t\t\t\t\t\t\t\t<ul class=\"wp-block-navigation__container is-responsive wp-block-navigation\"><li data-wp-context=\"{ &quot;submenuOpenedBy&quot;: { &quot;click&quot;: false, &quot;hover&quot;: false, &quot;focus&quot;: false }, &quot;type&quot;: &quot;submenu&quot;, &quot;modal&quot;: null, &quot;previousFocus&quot;: null }\" data-wp-interactive=\"core\/navigation\" data-wp-on--focusout=\"actions.handleMenuFocusout\" data-wp-on--keydown=\"actions.handleMenuKeydown\" data-wp-on--mouseenter=\"actions.openMenuOnHover\" data-wp-on--mouseleave=\"actions.closeMenuOnHover\" data-wp-watch=\"callbacks.initMenu\" tabindex=\"-1\" class=\"wp-block-navigation-item has-child open-on-hover-click wp-block-navigation-submenu\"><a class=\"wp-block-navigation-item__content\" href=\"https:\/\/serpentinoscisto.com\/site\/\"><span class=\"wp-block-navigation-item__label\">Il serpentinoscisto<\/span><\/a><button data-wp-bind--aria-expanded=\"state.isMenuOpen\" data-wp-on--click=\"actions.toggleMenuOnClick\" aria-label=\"Sottomenu di Il serpentinoscisto\" class=\"wp-block-navigation__submenu-icon wp-block-navigation-submenu__toggle\" ><svg xmlns=\"http:\/\/www.w3.org\/2000\/svg\" width=\"12\" height=\"12\" viewBox=\"0 0 12 12\" fill=\"none\" aria-hidden=\"true\" focusable=\"false\"><path d=\"M1.50002 4L6.00002 8L10.5 4\" stroke-width=\"1.5\"><\/path><\/svg><\/button><ul data-wp-on--focus=\"actions.openMenuOnFocus\" class=\"wp-block-navigation__submenu-container wp-block-navigation-submenu\"><li class=\" wp-block-navigation-item wp-block-navigation-link\"><a class=\"wp-block-navigation-item__content\"  href=\"https:\/\/serpentinoscisto.com\/site\/it\/made-in-italy\/\"><span class=\"wp-block-navigation-item__label\">Made in Italy<\/span><\/a><\/li><li class=\" wp-block-navigation-item wp-block-navigation-link\"><a class=\"wp-block-navigation-item__content\"  href=\"https:\/\/serpentinoscisto.com\/site\/it\/tradizione\/\"><span class=\"wp-block-navigation-item__label\">Tradizione<\/span><\/a><\/li><li class=\" wp-block-navigation-item wp-block-navigation-link\"><a class=\"wp-block-navigation-item__content\"  href=\"https:\/\/serpentinoscisto.com\/site\/it\/manualita\/\"><span class=\"wp-block-navigation-item__label\">Manualit\u00e0<\/span><\/a><\/li><li class=\" wp-block-navigation-item wp-block-navigation-link\"><a class=\"wp-block-navigation-item__content\"  href=\"https:\/\/serpentinoscisto.com\/site\/it\/natura\/\"><span class=\"wp-block-navigation-item__label\">Natura<\/span><\/a><\/li><li class=\" wp-block-navigation-item wp-block-navigation-link\"><a class=\"wp-block-navigation-item__content\"  href=\"https:\/\/serpentinoscisto.com\/site\/it\/resistenza\/\"><span class=\"wp-block-navigation-item__label\">Resistenza<\/span><\/a><\/li><li class=\" wp-block-navigation-item wp-block-navigation-link\"><a class=\"wp-block-navigation-item__content\"  href=\"https:\/\/serpentinoscisto.com\/site\/it\/riciclo\/\"><span class=\"wp-block-navigation-item__label\">Riciclo<\/span><\/a><\/li><\/ul><\/li><li class=\" wp-block-navigation-item wp-block-navigation-link\"><a class=\"wp-block-navigation-item__content\"  href=\"https:\/\/serpentinoscisto.com\/site\/it\/prodotti\/\"><span class=\"wp-block-navigation-item__label\">Prodotti<\/span><\/a><\/li><li class=\" wp-block-navigation-item wp-block-navigation-link\"><a class=\"wp-block-navigation-item__content\"  href=\"https:\/\/serpentinoscisto.com\/site\/it\/servizi\/\"><span class=\"wp-block-navigation-item__label\">Servizi<\/span><\/a><\/li><li class=\" wp-block-navigation-item wp-block-navigation-link\"><a class=\"wp-block-navigation-item__content\"  href=\"https:\/\/serpentinoscisto.com\/site\/galleria\/\"><span class=\"wp-block-navigation-item__label\">Galleria<\/span><\/a><\/li><\/ul>\n\t\t\t\t\t\t\t<\/div>\n\t\t\t\t\t\t<\/div>\n\t\t\t\t\t<\/div>\n\t\t\t\t<\/div><\/nav>\n\n\n<div class=\"wp-block-genesis-blocks-gb-columns gb-layout-columns-1 gb-1-col-equal\"><div class=\"gb-layout-column-wrap gb-block-layout-column-gap-2 gb-is-responsive-column\">\n<div class=\"wp-block-genesis-blocks-gb-column gb-block-layout-column\"><div class=\"gb-block-layout-column-inner\">\n<h3 class=\"wp-block-heading\"><strong>Complementi d\u2019arredo<\/strong><\/h3>\n\n\n\n<p>Blocchi con particolari caratteristiche vengono utilizzati per la realizzazione di originali quanto unici manufatti caratterizzati da superficie naturale: tavoli,<br>panche, soglie e davanzali, camini, lavelli e lastre di grande superficie da impiegare nelle pavimentazioni o nei rivestimenti.<br>Il colore verde e la superficie a spacco della pietra ne favoriscono l\u2019abbinamento a molteplici materiali. Utilizzando il serpentinoscisto e il legno si otterr\u00e0 il tipico stile montano, con acciaio e cristallo si possono invece realizzare ambienti in stile contemporaneo.<\/p>\n\n\n\n<figure class=\"wp-block-image size-full is-resized\"><img loading=\"lazy\" decoding=\"async\" width=\"600\" height=\"400\" src=\"https:\/\/serpentinoscisto.com\/site\/wp-content\/uploads\/2022\/03\/ARREDO-ESTERNO-E-GIARDINI417.jpg\" alt=\"\" class=\"wp-image-216\" style=\"width:686px;height:auto\" srcset=\"https:\/\/serpentinoscisto.com\/site\/wp-content\/uploads\/2022\/03\/ARREDO-ESTERNO-E-GIARDINI417.jpg 600w, https:\/\/serpentinoscisto.com\/site\/wp-content\/uploads\/2022\/03\/ARREDO-ESTERNO-E-GIARDINI417-300x200.jpg 300w\" sizes=\"auto, (max-width: 600px) 100vw, 600px\" \/><figcaption class=\"wp-element-caption\">Tavolino grezzo a spacco cm. 90&#215;90<\/figcaption><\/figure>\n\n\n\n<h3 class=\"wp-block-heading\"><strong>Spaccatello<\/strong><\/h3>\n\n\n\n<p>\u00c8 uno spaccato di serpentinoscisto utilizzato in edilizia per rivestimenti sia interni che esterni. Lo spessore \u00e8 variabile (0,5 cm &#8211; 1 cm), ed offre ai quattro lati il taglio lineare del disco.<br>Le dimensioni pi\u00f9 richieste sono 15&#215;31 cm e 6&#215;20 cm, ma vengono prodotti spaccatelli anche di altre dimensioni, quali: 6&#215;20, 10&#215;31, 12&#215;24, 25&#215;31, 20&#215;40, 30&#215;30 cm.<\/p>\n\n\n\n<figure class=\"wp-block-image size-full is-resized\"><img loading=\"lazy\" decoding=\"async\" width=\"301\" height=\"200\" src=\"https:\/\/serpentinoscisto.com\/site\/wp-content\/uploads\/2022\/03\/PAVIMENTI-E-RIVESTIMENTI408-edited.jpg\" alt=\"\" class=\"wp-image-397\" style=\"width:686px;height:auto\"\/><figcaption class=\"wp-element-caption\">Spaccatello misure e spessori a correre<\/figcaption><\/figure>\n\n\n\n<h3 class=\"wp-block-heading\"><strong>Spacco<\/strong><\/h3>\n\n\n\n<p>Le parti di sfrido di una certa superficie e spessore prodotte dalla lavorazione delle piode vengono trasformate per essere utilizzate come rivestimento con posa ad \u201copus incertum\u201d.<\/p>\n\n\n\n<figure class=\"wp-block-image size-full is-resized\"><img loading=\"lazy\" decoding=\"async\" width=\"780\" height=\"520\" src=\"https:\/\/serpentinoscisto.com\/site\/wp-content\/uploads\/2022\/03\/listelli-a-spacco-2.jpg\" alt=\"\" class=\"wp-image-407\" style=\"width:686px;height:auto\" srcset=\"https:\/\/serpentinoscisto.com\/site\/wp-content\/uploads\/2022\/03\/listelli-a-spacco-2.jpg 780w, https:\/\/serpentinoscisto.com\/site\/wp-content\/uploads\/2022\/03\/listelli-a-spacco-2-300x200.jpg 300w, https:\/\/serpentinoscisto.com\/site\/wp-content\/uploads\/2022\/03\/listelli-a-spacco-2-768x512.jpg 768w, https:\/\/serpentinoscisto.com\/site\/wp-content\/uploads\/2022\/03\/listelli-a-spacco-2-600x400.jpg 600w\" sizes=\"auto, (max-width: 780px) 100vw, 780px\" \/><figcaption class=\"wp-element-caption\">Listelli a spacco di misure e dimensioni a correre <\/figcaption><\/figure>\n\n\n\n<h3 class=\"wp-block-heading\"><strong>Massello<\/strong><\/h3>\n\n\n\n<p>\u00c8 utilizzato per la pavimentazione di superfici pedonali e carrabili; la tipologia di posa pu\u00f2 essere ad archi, file parallele, cerchi concentrici e a ventaglio.<br>Il massello presenta il taglio lineare della fresa su 2 o 4 lati, a seconda della misura richiesta.<br>Lo spessore \u00e8 di circa cm 5-6 e le dimensioni prodotte: 15&#215;15 &#8211; 10&#215;10 &#8211; 8&#215;8 \u2013 6&#215;6 cm.<\/p>\n\n\n\n<h3 class=\"wp-block-heading\"><strong>Smolleri<\/strong><\/h3>\n\n\n\n<p>Utilizzati nella pavimentazioni carrabili o pedonali, possono essere prodotti tranciati sul verso o sul contro della pietra. Le misure prodotte sono: spessore 5\/10 cm, altezza 5\/10 cm.<\/p>\n\n\n\n<figure class=\"wp-block-image size-full is-resized\"><img loading=\"lazy\" decoding=\"async\" width=\"1000\" height=\"750\" src=\"https:\/\/serpentinoscisto.com\/site\/wp-content\/uploads\/slider2\/SERPENTINOSCISTOCURBSTONES.jpeg\" alt=\"\" class=\"wp-image-372\" style=\"width:686px\" srcset=\"https:\/\/serpentinoscisto.com\/site\/wp-content\/uploads\/slider2\/SERPENTINOSCISTOCURBSTONES.jpeg 1000w, https:\/\/serpentinoscisto.com\/site\/wp-content\/uploads\/slider2\/SERPENTINOSCISTOCURBSTONES-300x225.jpeg 300w, https:\/\/serpentinoscisto.com\/site\/wp-content\/uploads\/slider2\/SERPENTINOSCISTOCURBSTONES-768x576.jpeg 768w\" sizes=\"auto, (max-width: 1000px) 100vw, 1000px\" \/><figcaption class=\"wp-element-caption\">Smolleri<\/figcaption><\/figure>\n\n\n\n<h3 class=\"wp-block-heading\"><strong>Cordoli<\/strong><\/h3>\n\n\n\n<p>Impiegati in edilizia stradale, hanno spessore di 8\/10 cm, altezza di 20\/25 cm e mostrano 2 lati a spacco e 2 lati pi\u00f9 teste a taglio fresa.<\/p>\n\n\n\n<h3 class=\"wp-block-heading\"><strong>Piode da cottura<\/strong><\/h3>\n\n\n\n<p>Per le elevate caratteristiche di resistenza al fuoco, le piode possono essere egregiamente impiegate come piano di cottura per vari tipi di cibo (es. carne, pesce e verdure).<br>L\u2019accorgimento che \u00e8 bene rispettare la prima volta, al fine di esaltarne le qualit\u00e0, \u00e8 di cospargerla di grasso (di derivazione animale o vegetale) sul lato opposto al fuoco e fare in modo che quest\u2019ultimo abbia un avvio graduale. Il risultato dei cibi cucinati alla pioda \u00e8 senza dubbio originale poich\u00e8 viene garantita l\u2019esaltazione delle qualit\u00e0 organolettiche del cibo e in particolare fragranza e sapore.<\/p>\n\n\n\n<h3 class=\"wp-block-heading\"><strong>Stufe<\/strong><\/h3>\n\n\n\n<p>Le caratteristiche di comportamento al calore del serpentinoscisto ne permettono l\u2019utilizzo per il rivestimento di stufe a legna con inserti in ghisa.<br>Grazie all\u2019ottima inerzia termica, la pietra accumula calore, rilasciandolo costantemente nel tempo anche a fuoco spento.<br>Attualmente si produce un solo modello di stufa a legna in diverse dimensioni, il quale pu\u00f2 essere integrato da panche in pietra o da altri complementi<br>d\u2019arredo a richiesta.<br>Caratteristica distintiva ed inconfondibile nota di pregio \u00e8 la produzione interamente manuale, da cui derivano prodotti selezionati e contrassegnati numericamente.<br>E\u2019 possibile su richiesta la produzione di modelli su disegno.<\/p>\n<\/div><\/div>\n<\/div><\/div>\n\n\n\n<figure class=\"wp-block-image size-large is-resized\"><img loading=\"lazy\" decoding=\"async\" width=\"717\" height=\"1024\" src=\"https:\/\/serpentinoscisto.com\/site\/wp-content\/uploads\/2022\/03\/DSCN0728-e1654078838449-717x1024.jpg\" alt=\"\" class=\"wp-image-363\" style=\"width:686px\" srcset=\"https:\/\/serpentinoscisto.com\/site\/wp-content\/uploads\/2022\/03\/DSCN0728-e1654078838449-717x1024.jpg 717w, https:\/\/serpentinoscisto.com\/site\/wp-content\/uploads\/2022\/03\/DSCN0728-e1654078838449-210x300.jpg 210w, https:\/\/serpentinoscisto.com\/site\/wp-content\/uploads\/2022\/03\/DSCN0728-e1654078838449-768x1097.jpg 768w, https:\/\/serpentinoscisto.com\/site\/wp-content\/uploads\/2022\/03\/DSCN0728-e1654078838449.jpg 1075w\" sizes=\"auto, (max-width: 717px) 100vw, 717px\" \/><\/figure>\n\n\n\n<p><\/p>\n","protected":false},"excerpt":{"rendered":"","protected":false},"author":1,"featured_media":0,"parent":2,"menu_order":0,"comment_status":"closed","ping_status":"closed","template":"","meta":{"_genesis_hide_title":false,"_genesis_hide_breadcrumbs":false,"_genesis_hide_singular_image":false,"_genesis_hide_footer_widgets":false,"_genesis_custom_body_class":"","_genesis_custom_post_class":"","_genesis_layout":"","footnotes":""},"class_list":{"0":"post-117","1":"page","2":"type-page","3":"status-publish","5":"entry","6":"has-post-thumbnail"},"yoast_head":"<!-- This site is optimized with the Yoast SEO plugin v21.3 - https:\/\/yoast.com\/wordpress\/plugins\/seo\/ -->\n<title>Prodotti - Serpentinoscisto<\/title>\n<meta name=\"robots\" content=\"index, follow, max-snippet:-1, max-image-preview:large, max-video-preview:-1\" \/>\n<link rel=\"canonical\" href=\"https:\/\/serpentinoscisto.com\/site\/it\/prodotti\/\" \/>\n<meta property=\"og:locale\" content=\"it_IT\" \/>\n<meta property=\"og:type\" content=\"article\" \/>\n<meta property=\"og:title\" content=\"Prodotti - Serpentinoscisto\" \/>\n<meta property=\"og:url\" content=\"https:\/\/serpentinoscisto.com\/site\/it\/prodotti\/\" \/>\n<meta property=\"og:site_name\" content=\"Serpentinoscisto\" \/>\n<meta property=\"article:modified_time\" content=\"2024-10-07T08:23:08+00:00\" \/>\n<meta property=\"og:image\" content=\"https:\/\/serpentinoscisto.com\/site\/wp-content\/uploads\/2022\/03\/ARREDO-ESTERNO-E-GIARDINI417.jpg\" \/>\n<meta name=\"twitter:card\" content=\"summary_large_image\" \/>\n<meta name=\"twitter:label1\" content=\"Tempo di lettura stimato\" \/>\n\t<meta name=\"twitter:data1\" content=\"4 minuti\" \/>\n<script type=\"application\/ld+json\" class=\"yoast-schema-graph\">{\"@context\":\"https:\/\/schema.org\",\"@graph\":[{\"@type\":\"WebPage\",\"@id\":\"https:\/\/serpentinoscisto.com\/site\/it\/prodotti\/\",\"url\":\"https:\/\/serpentinoscisto.com\/site\/it\/prodotti\/\",\"name\":\"Prodotti - Serpentinoscisto\",\"isPartOf\":{\"@id\":\"https:\/\/serpentinoscisto.com\/site\/#website\"},\"datePublished\":\"2022-03-24T11:18:28+00:00\",\"dateModified\":\"2024-10-07T08:23:08+00:00\",\"breadcrumb\":{\"@id\":\"https:\/\/serpentinoscisto.com\/site\/it\/prodotti\/#breadcrumb\"},\"inLanguage\":\"it-IT\",\"potentialAction\":[{\"@type\":\"ReadAction\",\"target\":[\"https:\/\/serpentinoscisto.com\/site\/it\/prodotti\/\"]}]},{\"@type\":\"BreadcrumbList\",\"@id\":\"https:\/\/serpentinoscisto.com\/site\/it\/prodotti\/#breadcrumb\",\"itemListElement\":[{\"@type\":\"ListItem\",\"position\":1,\"name\":\"Home\",\"item\":\"https:\/\/serpentinoscisto.com\/site\/\"},{\"@type\":\"ListItem\",\"position\":2,\"name\":\"Serpentinoscisto\",\"item\":\"https:\/\/serpentinoscisto.com\/site\/\"},{\"@type\":\"ListItem\",\"position\":3,\"name\":\"Prodotti\"}]},{\"@type\":\"WebSite\",\"@id\":\"https:\/\/serpentinoscisto.com\/site\/#website\",\"url\":\"https:\/\/serpentinoscisto.com\/site\/\",\"name\":\"Serpentinoscisto\",\"description\":\"100% Serpentinoscisto\",\"publisher\":{\"@id\":\"https:\/\/serpentinoscisto.com\/site\/#organization\"},\"potentialAction\":[{\"@type\":\"SearchAction\",\"target\":{\"@type\":\"EntryPoint\",\"urlTemplate\":\"https:\/\/serpentinoscisto.com\/site\/?s={search_term_string}\"},\"query-input\":\"required name=search_term_string\"}],\"inLanguage\":\"it-IT\"},{\"@type\":\"Organization\",\"@id\":\"https:\/\/serpentinoscisto.com\/site\/#organization\",\"name\":\"Serpentinoscisto\",\"url\":\"https:\/\/serpentinoscisto.com\/site\/\",\"logo\":{\"@type\":\"ImageObject\",\"inLanguage\":\"it-IT\",\"@id\":\"https:\/\/serpentinoscisto.com\/site\/#\/schema\/logo\/image\/\",\"url\":\"https:\/\/serpentinoscisto.com\/site\/wp-content\/uploads\/2022\/03\/serpentinoscisto-logo-2.png\",\"contentUrl\":\"https:\/\/serpentinoscisto.com\/site\/wp-content\/uploads\/2022\/03\/serpentinoscisto-logo-2.png\",\"width\":400,\"height\":116,\"caption\":\"Serpentinoscisto\"},\"image\":{\"@id\":\"https:\/\/serpentinoscisto.com\/site\/#\/schema\/logo\/image\/\"}}]}<\/script>\n<!-- \/ Yoast SEO plugin. -->","yoast_head_json":{"title":"Prodotti - Serpentinoscisto","robots":{"index":"index","follow":"follow","max-snippet":"max-snippet:-1","max-image-preview":"max-image-preview:large","max-video-preview":"max-video-preview:-1"},"canonical":"https:\/\/serpentinoscisto.com\/site\/it\/prodotti\/","og_locale":"it_IT","og_type":"article","og_title":"Prodotti - Serpentinoscisto","og_url":"https:\/\/serpentinoscisto.com\/site\/it\/prodotti\/","og_site_name":"Serpentinoscisto","article_modified_time":"2024-10-07T08:23:08+00:00","og_image":[{"url":"https:\/\/serpentinoscisto.com\/site\/wp-content\/uploads\/2022\/03\/ARREDO-ESTERNO-E-GIARDINI417.jpg"}],"twitter_card":"summary_large_image","twitter_misc":{"Tempo di lettura stimato":"4 minuti"},"schema":{"@context":"https:\/\/schema.org","@graph":[{"@type":"WebPage","@id":"https:\/\/serpentinoscisto.com\/site\/it\/prodotti\/","url":"https:\/\/serpentinoscisto.com\/site\/it\/prodotti\/","name":"Prodotti - Serpentinoscisto","isPartOf":{"@id":"https:\/\/serpentinoscisto.com\/site\/#website"},"datePublished":"2022-03-24T11:18:28+00:00","dateModified":"2024-10-07T08:23:08+00:00","breadcrumb":{"@id":"https:\/\/serpentinoscisto.com\/site\/it\/prodotti\/#breadcrumb"},"inLanguage":"it-IT","potentialAction":[{"@type":"ReadAction","target":["https:\/\/serpentinoscisto.com\/site\/it\/prodotti\/"]}]},{"@type":"BreadcrumbList","@id":"https:\/\/serpentinoscisto.com\/site\/it\/prodotti\/#breadcrumb","itemListElement":[{"@type":"ListItem","position":1,"name":"Home","item":"https:\/\/serpentinoscisto.com\/site\/"},{"@type":"ListItem","position":2,"name":"Serpentinoscisto","item":"https:\/\/serpentinoscisto.com\/site\/"},{"@type":"ListItem","position":3,"name":"Prodotti"}]},{"@type":"WebSite","@id":"https:\/\/serpentinoscisto.com\/site\/#website","url":"https:\/\/serpentinoscisto.com\/site\/","name":"Serpentinoscisto","description":"100% Serpentinoscisto","publisher":{"@id":"https:\/\/serpentinoscisto.com\/site\/#organization"},"potentialAction":[{"@type":"SearchAction","target":{"@type":"EntryPoint","urlTemplate":"https:\/\/serpentinoscisto.com\/site\/?s={search_term_string}"},"query-input":"required name=search_term_string"}],"inLanguage":"it-IT"},{"@type":"Organization","@id":"https:\/\/serpentinoscisto.com\/site\/#organization","name":"Serpentinoscisto","url":"https:\/\/serpentinoscisto.com\/site\/","logo":{"@type":"ImageObject","inLanguage":"it-IT","@id":"https:\/\/serpentinoscisto.com\/site\/#\/schema\/logo\/image\/","url":"https:\/\/serpentinoscisto.com\/site\/wp-content\/uploads\/2022\/03\/serpentinoscisto-logo-2.png","contentUrl":"https:\/\/serpentinoscisto.com\/site\/wp-content\/uploads\/2022\/03\/serpentinoscisto-logo-2.png","width":400,"height":116,"caption":"Serpentinoscisto"},"image":{"@id":"https:\/\/serpentinoscisto.com\/site\/#\/schema\/logo\/image\/"}}]}},"featured_image_src":null,"featured_image_src_square":null,"_links":{"self":[{"href":"https:\/\/serpentinoscisto.com\/site\/wp-json\/wp\/v2\/pages\/117","targetHints":{"allow":["GET"]}}],"collection":[{"href":"https:\/\/serpentinoscisto.com\/site\/wp-json\/wp\/v2\/pages"}],"about":[{"href":"https:\/\/serpentinoscisto.com\/site\/wp-json\/wp\/v2\/types\/page"}],"author":[{"embeddable":true,"href":"https:\/\/serpentinoscisto.com\/site\/wp-json\/wp\/v2\/users\/1"}],"replies":[{"embeddable":true,"href":"https:\/\/serpentinoscisto.com\/site\/wp-json\/wp\/v2\/comments?post=117"}],"version-history":[{"count":18,"href":"https:\/\/serpentinoscisto.com\/site\/wp-json\/wp\/v2\/pages\/117\/revisions"}],"predecessor-version":[{"id":430,"href":"https:\/\/serpentinoscisto.com\/site\/wp-json\/wp\/v2\/pages\/117\/revisions\/430"}],"up":[{"embeddable":true,"href":"https:\/\/serpentinoscisto.com\/site\/wp-json\/wp\/v2\/pages\/2"}],"wp:attachment":[{"href":"https:\/\/serpentinoscisto.com\/site\/wp-json\/wp\/v2\/media?parent=117"}],"curies":[{"name":"wp","href":"https:\/\/api.w.org\/{rel}","templated":true}]}}