{"id":23,"date":"2022-03-23T15:42:47","date_gmt":"2022-03-23T15:42:47","guid":{"rendered":"https:\/\/serpentinoscisto.com\/site\/?page_id=23"},"modified":"2022-03-24T09:36:32","modified_gmt":"2022-03-24T09:36:32","slug":"made-in-italy","status":"publish","type":"page","link":"https:\/\/serpentinoscisto.com\/site\/it\/made-in-italy\/","title":{"rendered":"Made in Italy"},"content":{"rendered":"<nav class=\"is-responsive wp-block-navigation is-layout-flex wp-block-navigation-is-layout-flex\" aria-label=\"it\" \n\t\t data-wp-interactive=\"core\/navigation\" data-wp-context='{\"overlayOpenedBy\":{\"click\":false,\"hover\":false,\"focus\":false},\"type\":\"overlay\",\"roleAttribute\":\"\",\"ariaLabel\":\"Menu\"}'><button aria-haspopup=\"dialog\" aria-label=\"Apri menu\" class=\"wp-block-navigation__responsive-container-open\" \n\t\t\t\tdata-wp-on--click=\"actions.openMenuOnClick\"\n\t\t\t\tdata-wp-on--keydown=\"actions.handleMenuKeydown\"\n\t\t\t><svg width=\"24\" height=\"24\" xmlns=\"http:\/\/www.w3.org\/2000\/svg\" viewBox=\"0 0 24 24\" aria-hidden=\"true\" focusable=\"false\"><path d=\"M4 7.5h16v1.5H4z\"><\/path><path d=\"M4 15h16v1.5H4z\"><\/path><\/svg><\/button>\n\t\t\t\t<div class=\"wp-block-navigation__responsive-container\"  id=\"modal-1\" \n\t\t\t\tdata-wp-class--has-modal-open=\"state.isMenuOpen\"\n\t\t\t\tdata-wp-class--is-menu-open=\"state.isMenuOpen\"\n\t\t\t\tdata-wp-watch=\"callbacks.initMenu\"\n\t\t\t\tdata-wp-on--keydown=\"actions.handleMenuKeydown\"\n\t\t\t\tdata-wp-on--focusout=\"actions.handleMenuFocusout\"\n\t\t\t\ttabindex=\"-1\"\n\t\t\t>\n\t\t\t\t\t<div class=\"wp-block-navigation__responsive-close\" tabindex=\"-1\">\n\t\t\t\t\t\t<div class=\"wp-block-navigation__responsive-dialog\" \n\t\t\t\tdata-wp-bind--aria-modal=\"state.ariaModal\"\n\t\t\t\tdata-wp-bind--aria-label=\"state.ariaLabel\"\n\t\t\t\tdata-wp-bind--role=\"state.roleAttribute\"\n\t\t\t>\n\t\t\t\t\t\t\t<button aria-label=\"Chiudi menu\" class=\"wp-block-navigation__responsive-container-close\" \n\t\t\t\tdata-wp-on--click=\"actions.closeMenuOnClick\"\n\t\t\t><svg xmlns=\"http:\/\/www.w3.org\/2000\/svg\" viewBox=\"0 0 24 24\" width=\"24\" height=\"24\" aria-hidden=\"true\" focusable=\"false\"><path d=\"m13.06 12 6.47-6.47-1.06-1.06L12 10.94 5.53 4.47 4.47 5.53 10.94 12l-6.47 6.47 1.06 1.06L12 13.06l6.47 6.47 1.06-1.06L13.06 12Z\"><\/path><\/svg><\/button>\n\t\t\t\t\t\t\t<div class=\"wp-block-navigation__responsive-container-content\" \n\t\t\t\tdata-wp-watch=\"callbacks.focusFirstElement\"\n\t\t\t id=\"modal-1-content\">\n\t\t\t\t\t\t\t\t<ul class=\"wp-block-navigation__container is-responsive wp-block-navigation\"><li data-wp-context=\"{ &quot;submenuOpenedBy&quot;: { &quot;click&quot;: false, &quot;hover&quot;: false, &quot;focus&quot;: false }, &quot;type&quot;: &quot;submenu&quot;, &quot;modal&quot;: null, &quot;previousFocus&quot;: null }\" data-wp-interactive=\"core\/navigation\" data-wp-on--focusout=\"actions.handleMenuFocusout\" data-wp-on--keydown=\"actions.handleMenuKeydown\" data-wp-on--mouseenter=\"actions.openMenuOnHover\" data-wp-on--mouseleave=\"actions.closeMenuOnHover\" data-wp-watch=\"callbacks.initMenu\" tabindex=\"-1\" class=\"wp-block-navigation-item has-child open-on-hover-click wp-block-navigation-submenu\"><a class=\"wp-block-navigation-item__content\" href=\"https:\/\/serpentinoscisto.com\/site\/\"><span class=\"wp-block-navigation-item__label\">Il serpentinoscisto<\/span><\/a><button data-wp-bind--aria-expanded=\"state.isMenuOpen\" data-wp-on--click=\"actions.toggleMenuOnClick\" aria-label=\"Sottomenu di Il serpentinoscisto\" class=\"wp-block-navigation__submenu-icon wp-block-navigation-submenu__toggle\" ><svg xmlns=\"http:\/\/www.w3.org\/2000\/svg\" width=\"12\" height=\"12\" viewBox=\"0 0 12 12\" fill=\"none\" aria-hidden=\"true\" focusable=\"false\"><path d=\"M1.50002 4L6.00002 8L10.5 4\" stroke-width=\"1.5\"><\/path><\/svg><\/button><ul data-wp-on--focus=\"actions.openMenuOnFocus\" class=\"wp-block-navigation__submenu-container wp-block-navigation-submenu\"><li class=\" wp-block-navigation-item wp-block-navigation-link\"><a class=\"wp-block-navigation-item__content\"  href=\"https:\/\/serpentinoscisto.com\/site\/it\/made-in-italy\/\"><span class=\"wp-block-navigation-item__label\">Made in Italy<\/span><\/a><\/li><li class=\" wp-block-navigation-item wp-block-navigation-link\"><a class=\"wp-block-navigation-item__content\"  href=\"https:\/\/serpentinoscisto.com\/site\/it\/tradizione\/\"><span class=\"wp-block-navigation-item__label\">Tradizione<\/span><\/a><\/li><li class=\" wp-block-navigation-item wp-block-navigation-link\"><a class=\"wp-block-navigation-item__content\"  href=\"https:\/\/serpentinoscisto.com\/site\/it\/manualita\/\"><span class=\"wp-block-navigation-item__label\">Manualit\u00e0<\/span><\/a><\/li><li class=\" wp-block-navigation-item wp-block-navigation-link\"><a class=\"wp-block-navigation-item__content\"  href=\"https:\/\/serpentinoscisto.com\/site\/it\/natura\/\"><span class=\"wp-block-navigation-item__label\">Natura<\/span><\/a><\/li><li class=\" wp-block-navigation-item wp-block-navigation-link\"><a class=\"wp-block-navigation-item__content\"  href=\"https:\/\/serpentinoscisto.com\/site\/it\/resistenza\/\"><span class=\"wp-block-navigation-item__label\">Resistenza<\/span><\/a><\/li><li class=\" wp-block-navigation-item wp-block-navigation-link\"><a class=\"wp-block-navigation-item__content\"  href=\"https:\/\/serpentinoscisto.com\/site\/it\/riciclo\/\"><span class=\"wp-block-navigation-item__label\">Riciclo<\/span><\/a><\/li><\/ul><\/li><li class=\" wp-block-navigation-item wp-block-navigation-link\"><a class=\"wp-block-navigation-item__content\"  href=\"https:\/\/serpentinoscisto.com\/site\/it\/prodotti\/\"><span class=\"wp-block-navigation-item__label\">Prodotti<\/span><\/a><\/li><li class=\" wp-block-navigation-item wp-block-navigation-link\"><a class=\"wp-block-navigation-item__content\"  href=\"https:\/\/serpentinoscisto.com\/site\/it\/servizi\/\"><span class=\"wp-block-navigation-item__label\">Servizi<\/span><\/a><\/li><li class=\" wp-block-navigation-item wp-block-navigation-link\"><a class=\"wp-block-navigation-item__content\"  href=\"https:\/\/serpentinoscisto.com\/site\/galleria\/\"><span class=\"wp-block-navigation-item__label\">Galleria<\/span><\/a><\/li><\/ul>\n\t\t\t\t\t\t\t<\/div>\n\t\t\t\t\t\t<\/div>\n\t\t\t\t\t<\/div>\n\t\t\t\t<\/div><\/nav>\n\n\n<div class=\"wp-block-genesis-blocks-gb-columns gb-layout-columns-2 gb-2-col-wideleft\"><div class=\"gb-layout-column-wrap gb-block-layout-column-gap-2 gb-is-responsive-column\">\n<div class=\"wp-block-genesis-blocks-gb-column gb-block-layout-column\"><div class=\"gb-block-layout-column-inner\">\n<p class=\"has-drop-cap\">Ogni essere vivente \u00e8 originale e irripetibile, cos\u00ec come unici sono i singoli pezzi della nostra pietra.<br>Ineguagliabili sono le caratteristiche di durezza, impermeabilit\u00e0 e resistenza che, unitamente al pregevole aspetto estetico, fanno del serpentinoscisto un materiale veramente speciale.<br>Agnisci, Il nome della nostra cava, deriva dal termine dialettale \u201cAgnisc\u201d, che indica la pianta di Ontano nero che caratterizza la vegetazione circostante.<br>Posto su di un poggio alla quota di 1480 mt s.l.m., il giacimento di Agnisci \u00e8 la pi\u00f9 antica cava di serpentinoscisto a cielo aperto della Valmalenco.<br>Avviata nel corso del XIX secolo, \u00e8 da sempre sinonimo di qualit\u00e0, in virt\u00f9 della marcata scistosit\u00e0 della sua pietra che permette la produzione di lastre a spacco di grandi dimensioni e ridotti spessori.<br>Siamo i diretti discendenti delle originarie famiglie di cavatori che hanno coltivato il giacimento sin dalla sua scoperta.<br>Osservavamo la ritmica cadenza con cui i vecchi scalpellini colpivano le pietre e ne ascoltavamo l\u2019armonico suono prodotto.<br>Affascinati, aspettavamo ansiosi l\u2019occasione di poter usare quei sottili cunei e, sotto lo sguardo beffardo degli anziani \u201cgiuel\u00e8\u00e8\u201d, abbiamo poco a poco compreso una filosofia di vita unica nel suo genere.<br>Abbiamo imparato sin da piccoli ad amare questa pietra e non ci siamo mai dimenticati delle nostre origini, consapevoli ed orgogliosi di essere parte integrante di un lungo cammino che ha attraversato XI secoli di storia.<\/p>\n<\/div><\/div>\n\n\n\n<div class=\"wp-block-genesis-blocks-gb-column gb-block-layout-column gb-is-vertically-aligned-top\"><div class=\"gb-block-layout-column-inner\">\n<figure class=\"wp-block-gallery alignright has-nested-images columns-default is-cropped wp-block-gallery-2 is-layout-flex wp-block-gallery-is-layout-flex\">\n<figure class=\"wp-block-image size-large\"><img loading=\"lazy\" decoding=\"async\" width=\"287\" height=\"441\" data-id=\"90\" src=\"https:\/\/serpentinoscisto.com\/site\/wp-content\/uploads\/2022\/03\/madeinitalyfoto.gif\" alt=\"\" class=\"wp-image-90\"\/><\/figure>\n<\/figure>\n<\/div><\/div>\n<\/div><\/div>\n","protected":false},"excerpt":{"rendered":"","protected":false},"author":1,"featured_media":0,"parent":2,"menu_order":0,"comment_status":"closed","ping_status":"closed","template":"","meta":{"_genesis_hide_title":false,"_genesis_hide_breadcrumbs":false,"_genesis_hide_singular_image":false,"_genesis_hide_footer_widgets":false,"_genesis_custom_body_class":"","_genesis_custom_post_class":"","_genesis_layout":"","footnotes":""},"class_list":{"0":"post-23","1":"page","2":"type-page","3":"status-publish","5":"entry","6":"has-post-thumbnail"},"yoast_head":"<!-- This site is optimized with the Yoast SEO plugin v21.3 - https:\/\/yoast.com\/wordpress\/plugins\/seo\/ -->\n<title>Made in Italy - Serpentinoscisto<\/title>\n<meta name=\"robots\" content=\"index, follow, max-snippet:-1, max-image-preview:large, max-video-preview:-1\" \/>\n<link rel=\"canonical\" href=\"https:\/\/serpentinoscisto.com\/site\/it\/made-in-italy\/\" \/>\n<meta property=\"og:locale\" content=\"it_IT\" \/>\n<meta property=\"og:type\" content=\"article\" \/>\n<meta property=\"og:title\" content=\"Made in Italy - Serpentinoscisto\" \/>\n<meta property=\"og:url\" content=\"https:\/\/serpentinoscisto.com\/site\/it\/made-in-italy\/\" \/>\n<meta property=\"og:site_name\" content=\"Serpentinoscisto\" \/>\n<meta property=\"article:modified_time\" content=\"2022-03-24T09:36:32+00:00\" \/>\n<meta property=\"og:image\" content=\"https:\/\/serpentinoscisto.com\/site\/wp-content\/uploads\/2022\/03\/madeinitalyfoto.gif\" \/>\n<meta name=\"twitter:card\" content=\"summary_large_image\" \/>\n<meta name=\"twitter:label1\" content=\"Tempo di lettura stimato\" \/>\n\t<meta name=\"twitter:data1\" content=\"2 minuti\" \/>\n<script type=\"application\/ld+json\" class=\"yoast-schema-graph\">{\"@context\":\"https:\/\/schema.org\",\"@graph\":[{\"@type\":\"WebPage\",\"@id\":\"https:\/\/serpentinoscisto.com\/site\/it\/made-in-italy\/\",\"url\":\"https:\/\/serpentinoscisto.com\/site\/it\/made-in-italy\/\",\"name\":\"Made in Italy - Serpentinoscisto\",\"isPartOf\":{\"@id\":\"https:\/\/serpentinoscisto.com\/site\/#website\"},\"datePublished\":\"2022-03-23T15:42:47+00:00\",\"dateModified\":\"2022-03-24T09:36:32+00:00\",\"breadcrumb\":{\"@id\":\"https:\/\/serpentinoscisto.com\/site\/it\/made-in-italy\/#breadcrumb\"},\"inLanguage\":\"it-IT\",\"potentialAction\":[{\"@type\":\"ReadAction\",\"target\":[\"https:\/\/serpentinoscisto.com\/site\/it\/made-in-italy\/\"]}]},{\"@type\":\"BreadcrumbList\",\"@id\":\"https:\/\/serpentinoscisto.com\/site\/it\/made-in-italy\/#breadcrumb\",\"itemListElement\":[{\"@type\":\"ListItem\",\"position\":1,\"name\":\"Home\",\"item\":\"https:\/\/serpentinoscisto.com\/site\/\"},{\"@type\":\"ListItem\",\"position\":2,\"name\":\"Serpentinoscisto\",\"item\":\"https:\/\/serpentinoscisto.com\/site\/\"},{\"@type\":\"ListItem\",\"position\":3,\"name\":\"Made in Italy\"}]},{\"@type\":\"WebSite\",\"@id\":\"https:\/\/serpentinoscisto.com\/site\/#website\",\"url\":\"https:\/\/serpentinoscisto.com\/site\/\",\"name\":\"Serpentinoscisto\",\"description\":\"100% Serpentinoscisto\",\"publisher\":{\"@id\":\"https:\/\/serpentinoscisto.com\/site\/#organization\"},\"potentialAction\":[{\"@type\":\"SearchAction\",\"target\":{\"@type\":\"EntryPoint\",\"urlTemplate\":\"https:\/\/serpentinoscisto.com\/site\/?s={search_term_string}\"},\"query-input\":\"required name=search_term_string\"}],\"inLanguage\":\"it-IT\"},{\"@type\":\"Organization\",\"@id\":\"https:\/\/serpentinoscisto.com\/site\/#organization\",\"name\":\"Serpentinoscisto\",\"url\":\"https:\/\/serpentinoscisto.com\/site\/\",\"logo\":{\"@type\":\"ImageObject\",\"inLanguage\":\"it-IT\",\"@id\":\"https:\/\/serpentinoscisto.com\/site\/#\/schema\/logo\/image\/\",\"url\":\"https:\/\/serpentinoscisto.com\/site\/wp-content\/uploads\/2022\/03\/serpentinoscisto-logo-2.png\",\"contentUrl\":\"https:\/\/serpentinoscisto.com\/site\/wp-content\/uploads\/2022\/03\/serpentinoscisto-logo-2.png\",\"width\":400,\"height\":116,\"caption\":\"Serpentinoscisto\"},\"image\":{\"@id\":\"https:\/\/serpentinoscisto.com\/site\/#\/schema\/logo\/image\/\"}}]}<\/script>\n<!-- \/ Yoast SEO plugin. -->","yoast_head_json":{"title":"Made in Italy - Serpentinoscisto","robots":{"index":"index","follow":"follow","max-snippet":"max-snippet:-1","max-image-preview":"max-image-preview:large","max-video-preview":"max-video-preview:-1"},"canonical":"https:\/\/serpentinoscisto.com\/site\/it\/made-in-italy\/","og_locale":"it_IT","og_type":"article","og_title":"Made in Italy - Serpentinoscisto","og_url":"https:\/\/serpentinoscisto.com\/site\/it\/made-in-italy\/","og_site_name":"Serpentinoscisto","article_modified_time":"2022-03-24T09:36:32+00:00","og_image":[{"url":"https:\/\/serpentinoscisto.com\/site\/wp-content\/uploads\/2022\/03\/madeinitalyfoto.gif"}],"twitter_card":"summary_large_image","twitter_misc":{"Tempo di lettura stimato":"2 minuti"},"schema":{"@context":"https:\/\/schema.org","@graph":[{"@type":"WebPage","@id":"https:\/\/serpentinoscisto.com\/site\/it\/made-in-italy\/","url":"https:\/\/serpentinoscisto.com\/site\/it\/made-in-italy\/","name":"Made in Italy - Serpentinoscisto","isPartOf":{"@id":"https:\/\/serpentinoscisto.com\/site\/#website"},"datePublished":"2022-03-23T15:42:47+00:00","dateModified":"2022-03-24T09:36:32+00:00","breadcrumb":{"@id":"https:\/\/serpentinoscisto.com\/site\/it\/made-in-italy\/#breadcrumb"},"inLanguage":"it-IT","potentialAction":[{"@type":"ReadAction","target":["https:\/\/serpentinoscisto.com\/site\/it\/made-in-italy\/"]}]},{"@type":"BreadcrumbList","@id":"https:\/\/serpentinoscisto.com\/site\/it\/made-in-italy\/#breadcrumb","itemListElement":[{"@type":"ListItem","position":1,"name":"Home","item":"https:\/\/serpentinoscisto.com\/site\/"},{"@type":"ListItem","position":2,"name":"Serpentinoscisto","item":"https:\/\/serpentinoscisto.com\/site\/"},{"@type":"ListItem","position":3,"name":"Made in Italy"}]},{"@type":"WebSite","@id":"https:\/\/serpentinoscisto.com\/site\/#website","url":"https:\/\/serpentinoscisto.com\/site\/","name":"Serpentinoscisto","description":"100% Serpentinoscisto","publisher":{"@id":"https:\/\/serpentinoscisto.com\/site\/#organization"},"potentialAction":[{"@type":"SearchAction","target":{"@type":"EntryPoint","urlTemplate":"https:\/\/serpentinoscisto.com\/site\/?s={search_term_string}"},"query-input":"required name=search_term_string"}],"inLanguage":"it-IT"},{"@type":"Organization","@id":"https:\/\/serpentinoscisto.com\/site\/#organization","name":"Serpentinoscisto","url":"https:\/\/serpentinoscisto.com\/site\/","logo":{"@type":"ImageObject","inLanguage":"it-IT","@id":"https:\/\/serpentinoscisto.com\/site\/#\/schema\/logo\/image\/","url":"https:\/\/serpentinoscisto.com\/site\/wp-content\/uploads\/2022\/03\/serpentinoscisto-logo-2.png","contentUrl":"https:\/\/serpentinoscisto.com\/site\/wp-content\/uploads\/2022\/03\/serpentinoscisto-logo-2.png","width":400,"height":116,"caption":"Serpentinoscisto"},"image":{"@id":"https:\/\/serpentinoscisto.com\/site\/#\/schema\/logo\/image\/"}}]}},"featured_image_src":null,"featured_image_src_square":null,"_links":{"self":[{"href":"https:\/\/serpentinoscisto.com\/site\/wp-json\/wp\/v2\/pages\/23","targetHints":{"allow":["GET"]}}],"collection":[{"href":"https:\/\/serpentinoscisto.com\/site\/wp-json\/wp\/v2\/pages"}],"about":[{"href":"https:\/\/serpentinoscisto.com\/site\/wp-json\/wp\/v2\/types\/page"}],"author":[{"embeddable":true,"href":"https:\/\/serpentinoscisto.com\/site\/wp-json\/wp\/v2\/users\/1"}],"replies":[{"embeddable":true,"href":"https:\/\/serpentinoscisto.com\/site\/wp-json\/wp\/v2\/comments?post=23"}],"version-history":[{"count":5,"href":"https:\/\/serpentinoscisto.com\/site\/wp-json\/wp\/v2\/pages\/23\/revisions"}],"predecessor-version":[{"id":92,"href":"https:\/\/serpentinoscisto.com\/site\/wp-json\/wp\/v2\/pages\/23\/revisions\/92"}],"up":[{"embeddable":true,"href":"https:\/\/serpentinoscisto.com\/site\/wp-json\/wp\/v2\/pages\/2"}],"wp:attachment":[{"href":"https:\/\/serpentinoscisto.com\/site\/wp-json\/wp\/v2\/media?parent=23"}],"curies":[{"name":"wp","href":"https:\/\/api.w.org\/{rel}","templated":true}]}}