{"id":419,"date":"2024-10-07T07:38:43","date_gmt":"2024-10-07T07:38:43","guid":{"rendered":"https:\/\/serpentinoscisto.com\/site\/?page_id=419"},"modified":"2024-10-07T07:38:43","modified_gmt":"2024-10-07T07:38:43","slug":"privacy-policy-2","status":"publish","type":"page","link":"https:\/\/serpentinoscisto.com\/site\/privacy-policy-2\/","title":{"rendered":"Privacy policy"},"content":{"rendered":"\n<p>La presente Informativa illustra le modalit\u00e0 di gestione dei dati personali degli utenti del sito serpentinoscisto.com (di seguito \u201cSito\u201d) e dei dati personali che possono essere oggetto del rapporto contrattuale con Serpentinoscisto S.r.l., L\u2019informativa viene resa ai sensi degli artt. 13 e 14 del Regolamento UE 2016\/679 (\u201cGDPR\u201d).<\/p>\n\n\n\n<p>1. TITOLARE DEL TRATTAMENTO<br>Serpentinoscisto S.r.l., con sede legale in Via Giuseppe Marcora 11, Milano, (di seguito \u201cTitolare\u201d), in qualit\u00e0 di Titolare del trattamento, tratter\u00e0 i suoi dati personali forniti tramite il sito spazioprivacysrl.it (di seguito \u201cSito\u201d) in conformit\u00e0 con quanto stabilito dalla normativa applicabile in materia di protezione dei dati personali e dalla presente Informativa.<\/p>\n\n\n\n<p>2. OGGETTO E MODALIT\u00c0 DEL TRATTAMENTO<br>2.1. Il Titolare tratter\u00e0 i dati personali comunicati dall\u2019Interessato o legittimamente raccolti (\u201cDatiPersonali\u201d). In particolare, possono essere oggetto di trattamento i seguenti Dati Personali:<br>2.1.1. Dati Identificativi: dati che permettono l\u2019identificazione diretta, come i dati anagrafici (quali ad esempio nome, cognome, codice fiscale, Partita IVA, indirizzo, ecc.), conferiti al Titolare e trattati ai fini della sottoscrizione e della gestione del contratto.<br>2.1.2. Dati di contatto: informazioni di contatto quali ad esempio numeri di telefono, fisso e\/mobile, indirizzo e-mail, ecc., forniti al Titolare in fase di sottoscrizione o nel corso della durata del contratto o acquisiti dal Titolare stesso, che consentono di contattare l\u2019Interessato ai fini della gestione del rapporto contrattuale e\/o per fornire servizi adeguati alle sue esigenze.<br>2.1.3. Dati di navigazione: i sistemi informatici e telematici e le procedure software preposte al funzionamento e all\u2019utilizzo del Sito, resi disponibili dal Titolare, acquisiscono, nel corso del loro esercizio, alcuni dati (es. la data e l\u2019ora dell\u2019accesso, le pagine visitate, il nome dell\u2019Internet Service Provider e l\u2019indirizzo del Protocollo Internet (IP) attraverso il quale si accede a Internet, l\u2019indirizzo Internet dal quale\u00a0 si \u00e8 collegati al Sito, ecc.), la cui trasmissione \u00e8 implicita nell\u2019uso dei protocolli di comunicazione web o \u00e8 utile per la migliore gestione e ottimizzazione del sistema. Maggiori informazioni in merito alle procedure eseguite per la raccolta, tramite i cookie e\/o altre tecnologie di monitoraggio, delle informazioni fornite durante la navigazione del Sito sono riportate nella cookie policy disponibile nel Sito stesso.<br>2.2. Per trattamento di Dati Personali ai fini della presente informativa \u00e8 da intendersi qualsiasi operazione o insieme di operazioni, compiute con l\u2019ausilio di processi automatizzati e applicate ai Dati Personali, come la raccolta, la registrazione, l\u2019organizzazione, la strutturazione, la conservazione, l\u2019adattamento o la modifica, l\u2019estrazione, la consultazione, l\u2019uso, la comunicazione mediante trasmissione, diffusione o qualsiasi altra forma di messa a disposizione, il raffronto o l\u2019interconnessione, la limitazione, la cancellazione o la distruzione.<br>2.3.\u00a0 Tali Dati Personali verranno trattati manualmente e\/o con il supporto di mezzi informatici o telematici.<\/p>\n\n\n\n<p>3. FINALIT\u00c0 E BASE GIURIDICA DEL TRATTAMENTO<br>3.1. Il Titolare tratter\u00e0 i Dati Personali dell\u2019Interessato per il conseguimento di specifiche finalit\u00e0 dellequali lo stesso Interessato sar\u00e0 di volta in volta informato e solo in presenza di una idonea base giuridica prevista dalla legge applicabile in materia di protezione dei dati personali. Nello specifico, Il Titolare tratter\u00e0 i Dati Personali solo al ricorrere di una o pi\u00f9 delle seguenti basi giuridiche:<br>\uf0b7 L\u2019Interessato ha prestato il suo consenso libero, specifico, informato, inequivocabile ed espresso al trattamento;<br>\uf0b7 Il trattamento \u00e8 necessario all\u2019esecuzione di un contratto di cui l\u2019Interessato \u00e8 parte o all\u2019esecuzione di misure precontrattuali adottate su sua richiesta;<br>\uf0b7 In presenza di un legittimo interesse del Titolare, a condizione che non prevalgano gli interessi o i diritti e le libert\u00e0 fondamentali dell\u2019interessato che richiedono la protezione dei dati personali;<br>\uf0b7 In forza di un obbligo di legge al cui rispetto \u00e8 tenuto il Titolare.<br>3.2. Il conferimento dei Dati Personali \u00e8 necessario in tutti i casi in cui il trattamento avviene sulla base di un obbligo di legge o per eseguire un contratto o per adempiere agli obblighi precontrattuali. In questi ultimi casi, un eventuale rifiuto dell\u2019Interessato potrebbe comportare per il Titolare l\u2019impossibilit\u00e0 di dar corso alle istanze dell\u2019Interessato o l\u2019impossibilit\u00e0 di fornire allo stesso Interessato i servizi richiesti.<br>3.3 Il conferimento dei Dati Personali \u00e8 invece volontario per il perseguimento di ulteriori finalit\u00e0 indicate in elenco e il mancato consenso in relazione ad esse non avr\u00e0 comunque nessuna conseguenza sulla conclusione e gestione del contratto. Il consenso per dette finalit\u00e0 \u00e8 sempre facoltativo e, ove prestato, potr\u00e0 essere revocato in ogni momento, secondo le modalit\u00e0 descritte nella sezione \u201cDiritti dell\u2019interessato\u201d della presente Informativa.<\/p>\n\n\n\n<p>4. DESTINATARI DEI DATI PERSONALI<br>4.1. Per il perseguimento delle finalit\u00e0 di cui al paragrafo 3 (per dare esecuzione al Contratto, in\u00a0adempimento di obblighi di legge o per lo svolgimento di attivit\u00e0 strumentali alla prestazione dei servizi richiesti) il Titolare potrebbe avere necessit\u00e0 di comunicare, in Italia e all\u2019estero, compresi Paesi non appartenenti all\u2019Unione Europea, i Dati Personali dell\u2019Interessato a soggetti terzi.<br>I Dati Personali dell\u2019Interessato potranno essere resi accessibili, per le finalit\u00e0 sopra menzionate:<br>a) ai dipendenti e ai collaboratori del Titolare, appositamente nominati Incaricati\/Persone Autorizzate al trattamento;<br>b) a responsabili del trattamento nonch\u00e9 ai loro dipendenti e collaboratori appositamente nominati Incaricati\/Persone Autorizzate al trattamento;<br>c) alle societ\u00e0 terze o altri soggetti che svolgono alcune attivit\u00e0 in outsourcing per conto del Titolare, nella loro qualit\u00e0 di responsabili del trattamento, nonch\u00e9 ai loro dipendenti e collaboratori appositamente nominati Incaricati\/Persone Autorizzate al trattamento. Tali soggetti tratteranno i Dati Personali, ad esempio, nell\u2019ambito di:<br>\uf0b7 servizi di fatturazione e di tutela del credito;<br>\uf0b7 attivit\u00e0 di gestione della comunicazione agli Interessati;<br>\uf0b7 servizi di customer care;<br>\uf0b7 ricerche di mercato, vendite dirette, anche telefoniche, per il collocamento di prodotti o servizi, per comunicazioni commerciali o attivit\u00e0 di marketing e\/o profilazione da parte del Titolare (qualora l\u2019Interessato vi abbia liberamente acconsentito);<br>d) enti, autorit\u00e0 pubbliche e private e organi di vigilanza e controllo, quando ci\u00f2 occorra per la concessione di sovvenzioni, contributi, sussidi e agevolazioni di qualsiasi genere, connessi alla fornitura dei prodotti e\/o prestazione dei servizi del Titolare, o quando sia richiesto da specifiche previsioni normative, regolamentari e autorizzative;<br>e) soggetti che svolgono per conto del Titolare compiti di natura tecnica o organizzativa; effettuano servizi di acquisizione, data entry, archiviazione ed elaborazione dei dati necessari per la fruizione dei servizi offerti; forniscono servizi per la gestione della infrastruttura tecnologica del Titolare; svolgono attivit\u00e0 di trasmissione, imbustamento, trasporto e smistamento delle comunicazioni all\u2019Interessato; svolgono attivit\u00e0 di assistenza agli Interessati; svolgono adempimenti di controllo, revisione e certificazione delle attivit\u00e0 poste in essere dal Titolare anche nell\u2019interesse degli Interessati; Istituti Bancari e societ\u00e0 emittenti carte di credito; altri operatori del settore per la gestione dei relativi rapporti; studi e societ\u00e0 nell\u2019ambito dei rapporti di assistenza e consulenza anche legale;<br>f) societ\u00e0 esterne, anche estere, per finalit\u00e0 di prevenzione e controllo del rischio di insolvenza, controllo delle frodi e di tutela del credito, nonch\u00e9 soggetti operanti nell\u2019ambito del recupero credito, stragiudiziale e giudiziale (Societ\u00e0 e\/o Studi Legali), Istituti Bancari o Societ\u00e0 di factoring, in caso di cessione dei crediti;<br>g) alle societ\u00e0 Contitolari del trattamento, ove presenti, che determinano congiuntamente al Titolare le finalit\u00e0 ed i mezzi del trattamento.<br>I soggetti appartenenti alle categorie sopra riportate tratteranno i dati come autonomi Titolari del trattamento o in qualit\u00e0 di Responsabili del trattamento o Incaricati\/Persone Autorizzate al trattamento, appositamente designati dal Titolare.<br>Ai Responsabili e alle Persone Incaricate\/Autorizzate al trattamento, eventualmente designati, il Titolare impartir\u00e0 adeguate istruzioni, finalizzate all\u2019adozione delle misure di sicurezza appropriate, al fine di poter garantire la riservatezza, la sicurezza e l\u2019integrit\u00e0 dei dati.<\/p>\n\n\n\n<p>5. TRASFERIMENTO DEI DATI PERSONALI<br>5.1. I Dati Personali saranno trattati all\u2019interno dell\u2019Unione Europea e conservati su server ubicati all\u2019interno dell\u2019Unione Europea. Gli stessi dati potranno essere trattati in Paesi al di fuori dell\u2019Unione Europea, a condizione che sia garantito un livello di protezione adeguato, riconosciuto da apposita decisione di adeguatezza della Commissione Europea.<br>5.2. Eventuali trasferimenti di Dati Personali verso Paesi non UE, in assenza di decisione di adeguatezza della Commissione europea, saranno possibili solo qualora siano fornite dai Titolari e Responsabili coinvolti garanzie adeguate di natura contrattuale o pattizia, fra cui norme vincolanti d\u2019impresa (\u201cBinding Corporate Rules\u201d) e clausole contrattuali tipo di protezione dei dati o qualora l\u2019Interessato vi abbia esplicitamente acconsentito. In questi casi, nonostante il Titolare adotti istruzioni operative comuni a tutti i Paesi in cui opera, il trasferimento del Dati Personali potrebbe essere esposto a rischi connessi alle peculiarit\u00e0 delle legislazioni locali in materia di trattamento dei Dati Personali, rischi che sono analizzati tramite l\u2019effettuazione di apposita valutazione da parte del Titolare.<\/p>\n\n\n\n<p>6. PERIODO DI CONSERVAZIONE DEI DATI PERSONALI<br>6.1. I Dati Personali oggetto di trattamento per le finalit\u00e0 di cui sopra saranno conservati nel rispetto\u00a0dei principi di proporzionalit\u00e0 e necessit\u00e0, e comunque fino a che non siano state perseguite le finalit\u00e0 del trattamento.<br>6.2. I Dati Personali saranno conservati e trattati fintanto che sussista il rapporto contrattuale con il Titolare e comunque per un periodo di 10 anni dalla cessazione del rapporto contrattuale stesso decorso il quale saranno cancellati, fatta salva l\u2019ulteriore conservazione degli stessi laddove necessaria per adempiere a specifici obblighi di legge, a provvedimenti dell\u2019Autorit\u00e0, per la riscossione dei crediti residui e per la gestione di contestazioni, reclami e azioni giudiziali.<br>6.3. Qualora l\u2019Interessato abbia prestato il consenso per finalit\u00e0 di Marketing e Profilazione i suoi dati saranno trattati per tale finalit\u00e0 fino a revoca del consenso prestato.<\/p>\n\n\n\n<p>7. DIRITTI DEGLI INTERESSATI<br>7.1. Ai sensi degli artt. 15 \u2013 22 del GDPR, in relazione ai Dati Personali trattati, l\u2019Interessato ha il diritto, ove applicabile, di:<br>a) Accedere e chiederne copia;<br>b) Richiedere la rettifica;<br>c) Richiedere la cancellazione;<br>d) Ottenere la limitazione del trattamento;<br>e) Opporsi al trattamento;<br>f) Ricevere i propri dati in un formato strutturato, di uso comune e leggibile da dispositivo automatico e di trasmettere senza impedimenti tali dati a un altro titolare del trattamento, ove tecnicamente fattibile.<br>7.2. L\u2019Interessato ha altres\u00ec il diritto di non essere sottoposto a una decisione basata unicamente sul trattamento automatizzato, compresa la profilazione, a meno che la decisione non sia necessaria: a)per la conclusione o l\u2019esecuzione di un contratto con il Titolare; b) sia autorizzata dalla legge o c) si basi sul consenso esplicito. Nei casi a) e c) l\u2019interessato ha il diritto di esprimere la propria opinione, contestare la decisione ed ottenere l\u2019intervento umano da parte del Titolare.<br>7.3. L\u2019Interessato ha comunque il diritto di opporsi, in qualsiasi momento, al trattamento dei Dati Personali che lo riguardano, compresa la profilazione, eventualmente effettuato sulla base del legittimo interesse del Titolare. In questo caso, il Titolare si asterr\u00e0 dal trattare ulteriormente i suoi Dati Personali, salvo che lo stesso Titolare i dimostri l\u2019esistenza di motivi legittimi cogenti per procedere al trattamento, oppure per l\u2019accertamento, l\u2019esercizio o la difesa di un diritto in sede<br>giudiziaria.<br>7.4. L\u2019Interessato ha comunque il diritto di opporsi in qualsiasi momento al trattamento dei Dati Personali che lo riguardano, effettuato per finalit\u00e0 di marketing diretto, compresa la profilazione, nella misura in cui sia connessa a tale marketing diretto. Qualora l\u2019Interessato si opponga al trattamento per finalit\u00e0 di marketing diretto i suoi Dati Personali non saranno pi\u00f9 oggetto di trattamento per tali finalit\u00e0.<br>7.5. Per l\u2019esercizio dei propri diritti o per la revoca del proprio consenso, l\u2019Interessato potr\u00e0 inviare una comunicazione all\u2019indirizzo e-mail info@spazioprivacysrl.it.<br>7.6. \u00c8 diritto dell\u2019Interessato un proporre reclamo al Garante per la protezione dei dati personali \u2013 Piazza Venezia, 11 \u2013 00187 Roma \u2013 protocollo@gpdp.it.<\/p>\n\n\n\n<p>Questo sito non raccoglie Cookies.<br><br><\/p>\n","protected":false},"excerpt":{"rendered":"<p>La presente Informativa illustra le modalit\u00e0 di gestione dei dati personali degli utenti del sito serpentinoscisto.com (di seguito \u201cSito\u201d) e dei dati personali che possono essere oggetto del rapporto contrattuale con Serpentinoscisto S.r.l., L\u2019informativa viene resa ai sensi degli artt. 13 e 14 del Regolamento UE 2016\/679 (\u201cGDPR\u201d). 1. TITOLARE DEL TRATTAMENTOSerpentinoscisto S.r.l., con sede&#8230;<\/p>\n<p><a href=\"https:\/\/serpentinoscisto.com\/site\/privacy-policy-2\/\" class=\"more-link button\" role=\"button\">Read more<span class=\"screen-reader-text\"> about Privacy policy<\/span><\/a><\/p>\n","protected":false},"author":1,"featured_media":0,"parent":0,"menu_order":0,"comment_status":"closed","ping_status":"closed","template":"","meta":{"_genesis_hide_title":false,"_genesis_hide_breadcrumbs":false,"_genesis_hide_singular_image":false,"_genesis_hide_footer_widgets":false,"_genesis_custom_body_class":"","_genesis_custom_post_class":"","_genesis_layout":"","footnotes":""},"class_list":{"0":"post-419","1":"page","2":"type-page","3":"status-publish","5":"entry"},"yoast_head":"<!-- This site is optimized with the Yoast SEO plugin v21.3 - https:\/\/yoast.com\/wordpress\/plugins\/seo\/ -->\n<title>Privacy policy - Serpentinoscisto<\/title>\n<meta name=\"robots\" content=\"index, follow, max-snippet:-1, max-image-preview:large, max-video-preview:-1\" \/>\n<link rel=\"canonical\" href=\"https:\/\/serpentinoscisto.com\/site\/privacy-policy-2\/\" \/>\n<meta property=\"og:locale\" content=\"it_IT\" \/>\n<meta property=\"og:type\" content=\"article\" \/>\n<meta property=\"og:title\" content=\"Privacy policy - Serpentinoscisto\" \/>\n<meta property=\"og:description\" content=\"La presente Informativa illustra le modalit\u00e0 di gestione dei dati personali degli utenti del sito serpentinoscisto.com (di seguito \u201cSito\u201d) e dei dati personali che possono essere oggetto del rapporto contrattuale con Serpentinoscisto S.r.l., L\u2019informativa viene resa ai sensi degli artt. 13 e 14 del Regolamento UE 2016\/679 (\u201cGDPR\u201d). 1. TITOLARE DEL TRATTAMENTOSerpentinoscisto S.r.l., con sede...Read more about Privacy policy\" \/>\n<meta property=\"og:url\" content=\"https:\/\/serpentinoscisto.com\/site\/privacy-policy-2\/\" \/>\n<meta property=\"og:site_name\" content=\"Serpentinoscisto\" \/>\n<meta name=\"twitter:card\" content=\"summary_large_image\" \/>\n<meta name=\"twitter:label1\" content=\"Tempo di lettura stimato\" \/>\n\t<meta name=\"twitter:data1\" content=\"10 minuti\" \/>\n<script type=\"application\/ld+json\" class=\"yoast-schema-graph\">{\"@context\":\"https:\/\/schema.org\",\"@graph\":[{\"@type\":\"WebPage\",\"@id\":\"https:\/\/serpentinoscisto.com\/site\/privacy-policy-2\/\",\"url\":\"https:\/\/serpentinoscisto.com\/site\/privacy-policy-2\/\",\"name\":\"Privacy policy - Serpentinoscisto\",\"isPartOf\":{\"@id\":\"https:\/\/serpentinoscisto.com\/site\/#website\"},\"datePublished\":\"2024-10-07T07:38:43+00:00\",\"dateModified\":\"2024-10-07T07:38:43+00:00\",\"breadcrumb\":{\"@id\":\"https:\/\/serpentinoscisto.com\/site\/privacy-policy-2\/#breadcrumb\"},\"inLanguage\":\"it-IT\",\"potentialAction\":[{\"@type\":\"ReadAction\",\"target\":[\"https:\/\/serpentinoscisto.com\/site\/privacy-policy-2\/\"]}]},{\"@type\":\"BreadcrumbList\",\"@id\":\"https:\/\/serpentinoscisto.com\/site\/privacy-policy-2\/#breadcrumb\",\"itemListElement\":[{\"@type\":\"ListItem\",\"position\":1,\"name\":\"Home\",\"item\":\"https:\/\/serpentinoscisto.com\/site\/\"},{\"@type\":\"ListItem\",\"position\":2,\"name\":\"Privacy policy\"}]},{\"@type\":\"WebSite\",\"@id\":\"https:\/\/serpentinoscisto.com\/site\/#website\",\"url\":\"https:\/\/serpentinoscisto.com\/site\/\",\"name\":\"Serpentinoscisto\",\"description\":\"100% Serpentinoscisto\",\"publisher\":{\"@id\":\"https:\/\/serpentinoscisto.com\/site\/#organization\"},\"potentialAction\":[{\"@type\":\"SearchAction\",\"target\":{\"@type\":\"EntryPoint\",\"urlTemplate\":\"https:\/\/serpentinoscisto.com\/site\/?s={search_term_string}\"},\"query-input\":\"required name=search_term_string\"}],\"inLanguage\":\"it-IT\"},{\"@type\":\"Organization\",\"@id\":\"https:\/\/serpentinoscisto.com\/site\/#organization\",\"name\":\"Serpentinoscisto\",\"url\":\"https:\/\/serpentinoscisto.com\/site\/\",\"logo\":{\"@type\":\"ImageObject\",\"inLanguage\":\"it-IT\",\"@id\":\"https:\/\/serpentinoscisto.com\/site\/#\/schema\/logo\/image\/\",\"url\":\"https:\/\/serpentinoscisto.com\/site\/wp-content\/uploads\/2022\/03\/serpentinoscisto-logo-2.png\",\"contentUrl\":\"https:\/\/serpentinoscisto.com\/site\/wp-content\/uploads\/2022\/03\/serpentinoscisto-logo-2.png\",\"width\":400,\"height\":116,\"caption\":\"Serpentinoscisto\"},\"image\":{\"@id\":\"https:\/\/serpentinoscisto.com\/site\/#\/schema\/logo\/image\/\"}}]}<\/script>\n<!-- \/ Yoast SEO plugin. -->","yoast_head_json":{"title":"Privacy policy - Serpentinoscisto","robots":{"index":"index","follow":"follow","max-snippet":"max-snippet:-1","max-image-preview":"max-image-preview:large","max-video-preview":"max-video-preview:-1"},"canonical":"https:\/\/serpentinoscisto.com\/site\/privacy-policy-2\/","og_locale":"it_IT","og_type":"article","og_title":"Privacy policy - Serpentinoscisto","og_description":"La presente Informativa illustra le modalit\u00e0 di gestione dei dati personali degli utenti del sito serpentinoscisto.com (di seguito \u201cSito\u201d) e dei dati personali che possono essere oggetto del rapporto contrattuale con Serpentinoscisto S.r.l., L\u2019informativa viene resa ai sensi degli artt. 13 e 14 del Regolamento UE 2016\/679 (\u201cGDPR\u201d). 1. TITOLARE DEL TRATTAMENTOSerpentinoscisto S.r.l., con sede...Read more about Privacy policy","og_url":"https:\/\/serpentinoscisto.com\/site\/privacy-policy-2\/","og_site_name":"Serpentinoscisto","twitter_card":"summary_large_image","twitter_misc":{"Tempo di lettura stimato":"10 minuti"},"schema":{"@context":"https:\/\/schema.org","@graph":[{"@type":"WebPage","@id":"https:\/\/serpentinoscisto.com\/site\/privacy-policy-2\/","url":"https:\/\/serpentinoscisto.com\/site\/privacy-policy-2\/","name":"Privacy policy - Serpentinoscisto","isPartOf":{"@id":"https:\/\/serpentinoscisto.com\/site\/#website"},"datePublished":"2024-10-07T07:38:43+00:00","dateModified":"2024-10-07T07:38:43+00:00","breadcrumb":{"@id":"https:\/\/serpentinoscisto.com\/site\/privacy-policy-2\/#breadcrumb"},"inLanguage":"it-IT","potentialAction":[{"@type":"ReadAction","target":["https:\/\/serpentinoscisto.com\/site\/privacy-policy-2\/"]}]},{"@type":"BreadcrumbList","@id":"https:\/\/serpentinoscisto.com\/site\/privacy-policy-2\/#breadcrumb","itemListElement":[{"@type":"ListItem","position":1,"name":"Home","item":"https:\/\/serpentinoscisto.com\/site\/"},{"@type":"ListItem","position":2,"name":"Privacy policy"}]},{"@type":"WebSite","@id":"https:\/\/serpentinoscisto.com\/site\/#website","url":"https:\/\/serpentinoscisto.com\/site\/","name":"Serpentinoscisto","description":"100% Serpentinoscisto","publisher":{"@id":"https:\/\/serpentinoscisto.com\/site\/#organization"},"potentialAction":[{"@type":"SearchAction","target":{"@type":"EntryPoint","urlTemplate":"https:\/\/serpentinoscisto.com\/site\/?s={search_term_string}"},"query-input":"required name=search_term_string"}],"inLanguage":"it-IT"},{"@type":"Organization","@id":"https:\/\/serpentinoscisto.com\/site\/#organization","name":"Serpentinoscisto","url":"https:\/\/serpentinoscisto.com\/site\/","logo":{"@type":"ImageObject","inLanguage":"it-IT","@id":"https:\/\/serpentinoscisto.com\/site\/#\/schema\/logo\/image\/","url":"https:\/\/serpentinoscisto.com\/site\/wp-content\/uploads\/2022\/03\/serpentinoscisto-logo-2.png","contentUrl":"https:\/\/serpentinoscisto.com\/site\/wp-content\/uploads\/2022\/03\/serpentinoscisto-logo-2.png","width":400,"height":116,"caption":"Serpentinoscisto"},"image":{"@id":"https:\/\/serpentinoscisto.com\/site\/#\/schema\/logo\/image\/"}}]}},"featured_image_src":null,"featured_image_src_square":null,"_links":{"self":[{"href":"https:\/\/serpentinoscisto.com\/site\/wp-json\/wp\/v2\/pages\/419","targetHints":{"allow":["GET"]}}],"collection":[{"href":"https:\/\/serpentinoscisto.com\/site\/wp-json\/wp\/v2\/pages"}],"about":[{"href":"https:\/\/serpentinoscisto.com\/site\/wp-json\/wp\/v2\/types\/page"}],"author":[{"embeddable":true,"href":"https:\/\/serpentinoscisto.com\/site\/wp-json\/wp\/v2\/users\/1"}],"replies":[{"embeddable":true,"href":"https:\/\/serpentinoscisto.com\/site\/wp-json\/wp\/v2\/comments?post=419"}],"version-history":[{"count":2,"href":"https:\/\/serpentinoscisto.com\/site\/wp-json\/wp\/v2\/pages\/419\/revisions"}],"predecessor-version":[{"id":422,"href":"https:\/\/serpentinoscisto.com\/site\/wp-json\/wp\/v2\/pages\/419\/revisions\/422"}],"wp:attachment":[{"href":"https:\/\/serpentinoscisto.com\/site\/wp-json\/wp\/v2\/media?parent=419"}],"curies":[{"name":"wp","href":"https:\/\/api.w.org\/{rel}","templated":true}]}}